{"id":2,"date":"2025-08-09T04:11:54","date_gmt":"2025-08-09T04:11:54","guid":{"rendered":"https:\/\/gb-contadores.com\/?page_id=2"},"modified":"2025-08-09T04:50:19","modified_gmt":"2025-08-09T04:50:19","slug":"sample-page","status":"publish","type":"page","link":"https:\/\/gb-contadores.com\/?page_id=2","title":{"rendered":"Quienes somos&#8230;"},"content":{"rendered":"\r\n<p>Somos una empresa dedicada a <strong>servicios especializados de contabilidad, auditor\u00edas, asesor\u00eda fiscal y gesti\u00f3n de finanzas<\/strong>\u00a0para otras empresas o personas f\u00edsicas.<\/p>\r\n<p>A diferencia de un contador p\u00fablico independiente, el despacho agrupa a varios contadores para ofrecer un rango m\u00e1s amplio de servicios y atender a una mayor cantidad de clientes.<\/p>\r\n<p>Desempe\u00f1amo un papel fundamental para el <strong>cumplimiento fiscal de empresas<\/strong>\u00a0de todos los tama\u00f1os, desde las pymes hasta grandes corporaciones.<\/p>\r\n<p>Al tener tu propia firma de contadur\u00eda puedes dedicarte a\u00a0<strong>servicios tradicionales<\/strong>\u00a0como la elaboraci\u00f3n de estados financieros y la presentaci\u00f3n de declaraciones, as\u00ed como prestar\u00a0<strong>asesor\u00eda estrat\u00e9gica<\/strong>\u00a0que ayude a tus clientes a mejorar sus decisiones financieras. Tambi\u00e9n podr\u00e1s gestionar varias cuentas simult\u00e1neamente y delegar tareas dentro de tu equipo, ampliando tu capacidad y optimizando procesos.<\/p>\r\n","protected":false},"excerpt":{"rendered":"<p>Somos una empresa dedicada a servicios especializados de contabilidad, auditor\u00edas, asesor\u00eda fiscal y gesti\u00f3n de finanzas\u00a0para otras empresas o personas f\u00edsicas. A diferencia de un contador p\u00fablico independiente, el despacho agrupa a varios contadores para ofrecer un rango m\u00e1s amplio de servicios y atender a una mayor cantidad de clientes. Desempe\u00f1amo un papel fundamental para [&hellip;]<\/p>\n","protected":false},"author":1,"featured_media":0,"parent":0,"menu_order":0,"comment_status":"closed","ping_status":"open","template":"","meta":{"footnotes":""},"class_list":["post-2","page","type-page","status-publish","hentry"],"_links":{"self":[{"href":"https:\/\/gb-contadores.com\/index.php?rest_route=\/wp\/v2\/pages\/2","targetHints":{"allow":["GET"]}}],"collection":[{"href":"https:\/\/gb-contadores.com\/index.php?rest_route=\/wp\/v2\/pages"}],"about":[{"href":"https:\/\/gb-contadores.com\/index.php?rest_route=\/wp\/v2\/types\/page"}],"author":[{"embeddable":true,"href":"https:\/\/gb-contadores.com\/index.php?rest_route=\/wp\/v2\/users\/1"}],"replies":[{"embeddable":true,"href":"https:\/\/gb-contadores.com\/index.php?rest_route=%2Fwp%2Fv2%2Fcomments&post=2"}],"version-history":[{"count":2,"href":"https:\/\/gb-contadores.com\/index.php?rest_route=\/wp\/v2\/pages\/2\/revisions"}],"predecessor-version":[{"id":10,"href":"https:\/\/gb-contadores.com\/index.php?rest_route=\/wp\/v2\/pages\/2\/revisions\/10"}],"wp:attachment":[{"href":"https:\/\/gb-contadores.com\/index.php?rest_route=%2Fwp%2Fv2%2Fmedia&parent=2"}],"curies":[{"name":"wp","href":"https:\/\/api.w.org\/{rel}","templated":true}]}}